{"id":3121,"date":"2022-02-14T14:08:43","date_gmt":"2022-02-14T14:08:43","guid":{"rendered":"https:\/\/cognito.mprinsdesign.nl\/?page_id=3121"},"modified":"2025-05-30T10:51:14","modified_gmt":"2025-05-30T10:51:14","slug":"vice-informaci","status":"publish","type":"page","link":"https:\/\/termica-playa.com\/cs\/vice-informaci\/","title":{"rendered":"V\u00edce informac\u00ed"},"content":{"rendered":"<section class=\"wpb-content-wrapper\">\n<div  class=\"content_row row page-content margin-between contact-form-row vc_row wpb_row  default-style fullwidth\" >\n\t\n\t<div class=\"content_row_wrapper  default\" style=\"padding-top:50px;padding-bottom:50px;\"><div id=\"asdasd\" class=\"vc_col-sm-6 wpb_column vc_column_container\" >\n\t<div class=\"vc_column-inner\">\n\t\t<div class=\"wpb_wrapper\" >\n\t\t\t\n<div  class=\"content_row row contact-informatie-row vc_row vc_inner vc_row-fluid global-style fullwidth\" style=\"background-color: #baad85;\">\n\t\n\t<div class=\"content_row_wrapper  default\" style=\"padding-top:10px;padding-bottom:20px;padding-left:20px;padding-right:20px;\">\n\t<div class=\"vc_col-sm-12 wpb_column vc_column_container\" >\n\t<div class=\"vc_column-inner\">\n\t\t<div class=\"wpb_wrapper\" >\n\t\t\t<div class=\"rt_heading_wrapper style-3\">\n\t\t\t\t\t\t<h1 class=\"rt_heading  style-3\"  style=\"font-size:24px;margin-top:24px;margin-bottom:0px;\">V\u00edce - <span class=\"after_h1 white\">Informace<\/span><\/h1> \n\t\t\t\t\t<\/div>\n\t<div class=\"wpb_text_column wpb_content_element  meer-info white\" >\n\t\t<div class=\"wpb_wrapper\">\n\t\t\t<p>M\u00e1te n\u011bjak\u00e9 dotazy a\/nebo byste cht\u011bli b\u00fdt informov\u00e1ni o v\u00fdvoji nov\u00e9ho stavebn\u00edho projektu? <strong>Termica Playa<\/strong> ve m\u011bst\u011b M\u00e1laga? Pro registraci jako z\u00e1jemce pros\u00edm vypl\u0148te formul\u00e1\u0159 zde.<\/p>\n<p>Registrace V\u00e1s k ni\u010demu nezavazuje, registrac\u00ed V\u00e1s budeme pr\u016fb\u011b\u017en\u011b informovat o v\u00fdvoji a budete informov\u00e1ni <strong>seznam p\u0159ed spu\u0161t\u011bn\u00edm<\/strong> tak\u017ee pozd\u011bji budete m\u00edt prvn\u00ed volbu. Registrovat se m\u016f\u017eete ihned po zah\u00e1jen\u00ed ofici\u00e1ln\u00edho prodeje.<\/p>\n<p><strong>Kv\u011bten 2025 \u2013 cen\u00edk prvn\u00ed f\u00e1ze:<\/strong><\/p>\n<ul>\n<li>Apartm\u00e1ny s 1 lo\u017enic\u00ed a 1 koupelnou maj\u00ed rozlohu 84 m2 plus terasa. Ceny od 710 000 eur<\/li>\n<li>Apartm\u00e1ny se 2 lo\u017enicemi a 2 koupelnami maj\u00ed rozlohu 105 m2 plus terasa. Ceny od 1 250 000 eur<\/li>\n<li>Apartm\u00e1ny se 3 lo\u017enicemi a 2 koupelnami maj\u00ed rozlohu 246 m2 plus terasa. Ceny od 1 300 000 eur<\/li>\n<li>Apartm\u00e1ny se 4 lo\u017enicemi a 3 koupelnami maj\u00ed rozlohu 288 m2 plus terasa. Ceny od 3 690 000 eur<\/li>\n<\/ul>\n<p>Prost\u0159ednictv\u00edm osobn\u00edho videohovoru obdr\u017e\u00edte rozs\u00e1hlou prezentaci a m\u016f\u017eete se tak\u00e9 zeptat na v\u0161echny sv\u00e9 osobn\u00ed ot\u00e1zky. Dal\u0161\u00edm krokem je n\u00e1v\u0161t\u011bva m\u00edsta. To v\u00e1m d\u00e1 dobr\u00fd dojem, na jeho\u017e z\u00e1klad\u011b m\u016f\u017eete u\u010dinit kone\u010dn\u00e9, uv\u00e1\u017een\u00e9 rozhodnut\u00ed.<\/p>\n<p><strong>VY\u017d\u00c1DEJTE AKTU\u00c1LN\u00cd NAB\u00cdDKU A CENY<\/strong>, nakupujte v 1. f\u00e1zi \u2013 nejlep\u0161\u00ed ceny a (st\u00e1le) velk\u00fd v\u00fdb\u011br!<\/p>\n\n\t\t<\/div>\n\t<\/div>\n\n\t\t<\/div>\n\t<\/div>\n\t<\/div>\n\n<\/div>\n<\/div>\n\n\t\t<\/div>\n\t<\/div>\n\t<\/div>\n\n\t<div id=\"asdasd\" class=\"vc_col-sm-6 wpb_column vc_column_container\" >\n\t<div class=\"vc_column-inner\">\n\t\t<div class=\"wpb_wrapper\" >\n\t\t\t\n<div  class=\"content_row row vc_row vc_inner vc_row-fluid global-style fullwidth\" >\n\t\n\t<div class=\"content_row_wrapper  default\" style=\"padding-top:10px;padding-bottom:20px;padding-left:20px;padding-right:20px;\">\n\t<div class=\"vc_col-sm-12 wpb_column vc_column_container\" >\n\t<div class=\"vc_column-inner\">\n\t\t<div class=\"wpb_wrapper\" >\n\t\t\t<div class=\"rt_heading_wrapper style-3\">\n\t\t\t\t\t\t<h1 class=\"rt_heading  style-3\"  style=\"font-size:24px;margin-top:24px;margin-bottom:0px;\">V\u00edce informac\u00ed - <span class=\"after_h1\">Termica Playa<\/span><\/h1> \n\t\t\t\t\t<\/div>\n\t<div class=\"wpb_text_column wpb_content_element\" >\n\t\t<div class=\"wpb_wrapper\">\n\t\t\t<div class=\"contact-form\">\n    <form id=\"cc-contact-form\" method=\"POST\" action=\"\">\n                <div class=\"split-contact\">\n            <article class=\"contact-row\">\n                <label><strong> n\u00e1zev <\/strong>(povinn\u00fd)<\/label>\n                                <input type=\"text\" name=\"cc-name\" id=\"name\" value=\"\" required>\n            <\/article>\n            <article class=\"contact-row\">\n                <label><strong> E-mailem <\/strong>(povinn\u00fd)<\/label>\n                                <input type=\"text\" name=\"cc-email\" id=\"email\" value=\"\" required>\n            <\/article>\n        <\/div>\n        <article class=\"contact-row\">\n            <label><strong> Adresa <\/strong><\/label>\n            <input type=\"text\" name=\"cc-address\" id=\"address\" value=\"\" required>\n        <\/article>\n        <div class=\"split-contact\">\n            <article class=\"contact-row\">\n                <label><strong> rezidence <\/strong><\/label>\n                <input type=\"text\" name=\"cc-city\" id=\"city\" value=\"\" required>\n            <\/article>\n\n            <article class=\"contact-row\">\n                <label><strong> Zem\u011b <\/strong><\/label>\n                <input type=\"text\" name=\"cc-country\" id=\"country\" value=\"\" required>\n            <\/article>\n        <\/div>\n        <article class=\"contact-row\">\n            <label><strong> telefonn\u00ed \u010d\u00edslo <\/strong>(povinn\u00fd)<\/label>\n                        <input type=\"text\" name=\"cc-phone\" id=\"phone\" value=\"\" required>\n        <\/article>\n        <article class=\"contact-row\">\n            <label class=\"privacy-check\">\n                <input type=\"checkbox\" name=\"cc-video\" id=\"video\" value=\"on\" required>\n                R\u00e1d\/a bych si domluvil\/a sch\u016fzku na videohovor (prohl\u00eddku)\n            <\/label>\n        <\/article>\n        <article class=\"contact-row\">\n            <label><strong> Koment\u00e1\u0159e <\/strong><\/label>\n            <textarea \n                name=\"cc-comments\" \n                id=\"comments\" \n                required\n\t\t\t placeholder=\"Zde nap\u0159\u00edklad uve\u010fte, zda si p\u0159ejete dost\u00e1vat konkr\u00e9tn\u00ed informace. Jste tu v kr\u00e1tk\u00e9 dob\u011b? Dejte n\u00e1m pros\u00edm v\u011bd\u011bt o na\u0161em pl\u00e1nov\u00e1n\u00ed.\"\n\t\t                rows=\"6\"\n            ><\/textarea>\n        <\/article>\n        <article class=\"contact-row\">\n                        <label class=\"privacy-check\">\n                <input type=\"checkbox\" name=\"cc-privacy\" id=\"privacy\" required>\n                souhlas\u00edm s <a href=\"\/cs\/zasady-ochrany-osobnich-udaju\/\">Z\u00e1sady ochrany osobn\u00edch \u00fadaj\u016f<\/a>.\n            <\/label>\n        <\/article>\n        <article class=\"contact-row\">\n            <label type=\"hidden\" id=\"captcha-label\" style=\"display: none; color: red;\"><\/label>\n            <input id='recaptcha' class=\"g-recaptcha\" type=\"submit\" value=\"Poslat\" data-sitekey=\"6LeoCRIgAAAAAFGEHBimhbu4Ac0qLhPJSwqTq9Rq\" data-callback=\"ccSubmit\" data-action=\"submit\">\n        <\/article>\n    <input type=\"hidden\" name=\"trp-form-language\" value=\"cs\"\/><\/form>\n<\/div>\n<script>\n    function ccSubmit(token) {\n        document.getElementById(\"cc-contact-form\").submit();\n    }\n<\/script>\n\n\n\t\t<\/div>\n\t<\/div>\n\n\t\t<\/div>\n\t<\/div>\n\t<\/div>\n\n<\/div>\n<\/div>\n\n\t\t<\/div>\n\t<\/div>\n\t<\/div>\n<\/div>\n<\/div>\n\n<\/section>","protected":false},"excerpt":{"rendered":"<p>\u2026 <a class=\"more-link\" href=\"https:\/\/termica-playa.com\/cs\/vice-informaci\/\">pokra\u010dovat ve \u010dten\u00ed<\/a><\/p>","protected":false},"author":1,"featured_media":4177,"parent":0,"menu_order":6,"comment_status":"closed","ping_status":"closed","template":"","meta":{"footnotes":""},"class_list":["post-3121","page","type-page","status-publish","has-post-thumbnail","hentry"],"yoast_head":"<!-- This site is optimized with the Yoast SEO plugin v26.0 - https:\/\/yoast.com\/wordpress\/plugins\/seo\/ -->\n<title>Meer informatie - T\u00e9rmica Playa M\u00e1laga<\/title>\n<meta name=\"robots\" content=\"index, follow, max-snippet:-1, max-image-preview:large, max-video-preview:-1\" \/>\n<link rel=\"canonical\" href=\"https:\/\/termica-playa.com\/cs\/vice-informaci\/\" \/>\n<meta property=\"og:locale\" content=\"cs_CZ\" \/>\n<meta property=\"og:type\" content=\"article\" \/>\n<meta property=\"og:title\" content=\"Meer informatie - T\u00e9rmica Playa M\u00e1laga\" \/>\n<meta property=\"og:url\" content=\"https:\/\/termica-playa.com\/cs\/vice-informaci\/\" \/>\n<meta property=\"og:site_name\" content=\"T\u00e9rmica Playa M\u00e1laga\" \/>\n<meta property=\"article:modified_time\" content=\"2025-05-30T10:51:14+00:00\" \/>\n<meta property=\"og:image\" content=\"https:\/\/termica-playa.com\/wp-content\/uploads\/sites\/47\/2025\/01\/termica_seaview_2.jpg\" \/>\n\t<meta property=\"og:image:width\" content=\"2048\" \/>\n\t<meta property=\"og:image:height\" content=\"2560\" \/>\n\t<meta property=\"og:image:type\" content=\"image\/jpeg\" \/>\n<meta name=\"twitter:card\" content=\"summary_large_image\" \/>\n<meta name=\"twitter:label1\" content=\"Odhadovan\u00e1 doba \u010dten\u00ed\" \/>\n\t<meta name=\"twitter:data1\" content=\"2 minuty\" \/>\n<script type=\"application\/ld+json\" class=\"yoast-schema-graph\">{\"@context\":\"https:\/\/schema.org\",\"@graph\":[{\"@type\":\"WebPage\",\"@id\":\"https:\/\/termica-playa.com\/meer-informatie\/\",\"url\":\"https:\/\/termica-playa.com\/meer-informatie\/\",\"name\":\"Meer informatie - T\u00e9rmica Playa M\u00e1laga\",\"isPartOf\":{\"@id\":\"https:\/\/termica-playa.com\/#website\"},\"primaryImageOfPage\":{\"@id\":\"https:\/\/termica-playa.com\/meer-informatie\/#primaryimage\"},\"image\":{\"@id\":\"https:\/\/termica-playa.com\/meer-informatie\/#primaryimage\"},\"thumbnailUrl\":\"https:\/\/termica-playa.com\/wp-content\/uploads\/sites\/47\/2025\/01\/termica_seaview_2.jpg\",\"datePublished\":\"2022-02-14T14:08:43+00:00\",\"dateModified\":\"2025-05-30T10:51:14+00:00\",\"breadcrumb\":{\"@id\":\"https:\/\/termica-playa.com\/meer-informatie\/#breadcrumb\"},\"inLanguage\":\"cs\",\"potentialAction\":[{\"@type\":\"ReadAction\",\"target\":[\"https:\/\/termica-playa.com\/meer-informatie\/\"]}]},{\"@type\":\"ImageObject\",\"inLanguage\":\"cs\",\"@id\":\"https:\/\/termica-playa.com\/meer-informatie\/#primaryimage\",\"url\":\"https:\/\/termica-playa.com\/wp-content\/uploads\/sites\/47\/2025\/01\/termica_seaview_2.jpg\",\"contentUrl\":\"https:\/\/termica-playa.com\/wp-content\/uploads\/sites\/47\/2025\/01\/termica_seaview_2.jpg\",\"width\":2048,\"height\":2560},{\"@type\":\"BreadcrumbList\",\"@id\":\"https:\/\/termica-playa.com\/meer-informatie\/#breadcrumb\",\"itemListElement\":[{\"@type\":\"ListItem\",\"position\":1,\"name\":\"Home\",\"item\":\"https:\/\/termica-playa.com\/\"},{\"@type\":\"ListItem\",\"position\":2,\"name\":\"Meer informatie\"}]},{\"@type\":\"WebSite\",\"@id\":\"https:\/\/termica-playa.com\/#website\",\"url\":\"https:\/\/termica-playa.com\/\",\"name\":\"T\u00e9rmica Playa M\u00e1laga\",\"description\":\"\",\"potentialAction\":[{\"@type\":\"SearchAction\",\"target\":{\"@type\":\"EntryPoint\",\"urlTemplate\":\"https:\/\/termica-playa.com\/?s={search_term_string}\"},\"query-input\":{\"@type\":\"PropertyValueSpecification\",\"valueRequired\":true,\"valueName\":\"search_term_string\"}}],\"inLanguage\":\"cs\"}]}<\/script>\n<!-- \/ Yoast SEO plugin. -->","yoast_head_json":{"title":"V\u00edce informac\u00ed - T\u00e9rmica Playa M\u00e1laga","robots":{"index":"index","follow":"follow","max-snippet":"max-snippet:-1","max-image-preview":"max-image-preview:large","max-video-preview":"max-video-preview:-1"},"canonical":"https:\/\/termica-playa.com\/cs\/vice-informaci\/","og_locale":"cs_CZ","og_type":"article","og_title":"Meer informatie - T\u00e9rmica Playa M\u00e1laga","og_url":"https:\/\/termica-playa.com\/cs\/vice-informaci\/","og_site_name":"T\u00e9rmica Playa M\u00e1laga","article_modified_time":"2025-05-30T10:51:14+00:00","og_image":[{"width":2048,"height":2560,"url":"https:\/\/termica-playa.com\/wp-content\/uploads\/sites\/47\/2025\/01\/termica_seaview_2.jpg","type":"image\/jpeg"}],"twitter_card":"summary_large_image","twitter_misc":{"Odhadovan\u00e1 doba \u010dten\u00ed":"2 minuty"},"schema":{"@context":"https:\/\/schema.org","@graph":[{"@type":"WebPage","@id":"https:\/\/termica-playa.com\/meer-informatie\/","url":"https:\/\/termica-playa.com\/meer-informatie\/","name":"V\u00edce informac\u00ed - T\u00e9rmica Playa M\u00e1laga","isPartOf":{"@id":"https:\/\/termica-playa.com\/#website"},"primaryImageOfPage":{"@id":"https:\/\/termica-playa.com\/meer-informatie\/#primaryimage"},"image":{"@id":"https:\/\/termica-playa.com\/meer-informatie\/#primaryimage"},"thumbnailUrl":"https:\/\/termica-playa.com\/wp-content\/uploads\/sites\/47\/2025\/01\/termica_seaview_2.jpg","datePublished":"2022-02-14T14:08:43+00:00","dateModified":"2025-05-30T10:51:14+00:00","breadcrumb":{"@id":"https:\/\/termica-playa.com\/meer-informatie\/#breadcrumb"},"inLanguage":"cs","potentialAction":[{"@type":"ReadAction","target":["https:\/\/termica-playa.com\/meer-informatie\/"]}]},{"@type":"ImageObject","inLanguage":"cs","@id":"https:\/\/termica-playa.com\/meer-informatie\/#primaryimage","url":"https:\/\/termica-playa.com\/wp-content\/uploads\/sites\/47\/2025\/01\/termica_seaview_2.jpg","contentUrl":"https:\/\/termica-playa.com\/wp-content\/uploads\/sites\/47\/2025\/01\/termica_seaview_2.jpg","width":2048,"height":2560},{"@type":"BreadcrumbList","@id":"https:\/\/termica-playa.com\/meer-informatie\/#breadcrumb","itemListElement":[{"@type":"ListItem","position":1,"name":"Home","item":"https:\/\/termica-playa.com\/"},{"@type":"ListItem","position":2,"name":"Meer informatie"}]},{"@type":"WebSite","@id":"https:\/\/termica-playa.com\/#website","url":"https:\/\/termica-playa.com\/","name":"Term\u00e1ln\u00ed l\u00e1zn\u011b Playa Malaga","description":"","potentialAction":[{"@type":"SearchAction","target":{"@type":"EntryPoint","urlTemplate":"https:\/\/termica-playa.com\/?s={search_term_string}"},"query-input":{"@type":"PropertyValueSpecification","valueRequired":true,"valueName":"search_term_string"}}],"inLanguage":"cs"}]}},"_links":{"self":[{"href":"https:\/\/termica-playa.com\/cs\/wp-json\/wp\/v2\/pages\/3121","targetHints":{"allow":["GET"]}}],"collection":[{"href":"https:\/\/termica-playa.com\/cs\/wp-json\/wp\/v2\/pages"}],"about":[{"href":"https:\/\/termica-playa.com\/cs\/wp-json\/wp\/v2\/types\/page"}],"author":[{"embeddable":true,"href":"https:\/\/termica-playa.com\/cs\/wp-json\/wp\/v2\/users\/1"}],"replies":[{"embeddable":true,"href":"https:\/\/termica-playa.com\/cs\/wp-json\/wp\/v2\/comments?post=3121"}],"version-history":[{"count":17,"href":"https:\/\/termica-playa.com\/cs\/wp-json\/wp\/v2\/pages\/3121\/revisions"}],"predecessor-version":[{"id":4293,"href":"https:\/\/termica-playa.com\/cs\/wp-json\/wp\/v2\/pages\/3121\/revisions\/4293"}],"wp:featuredmedia":[{"embeddable":true,"href":"https:\/\/termica-playa.com\/cs\/wp-json\/wp\/v2\/media\/4177"}],"wp:attachment":[{"href":"https:\/\/termica-playa.com\/cs\/wp-json\/wp\/v2\/media?parent=3121"}],"curies":[{"name":"wp","href":"https:\/\/api.w.org\/{rel}","templated":true}]}}