{"id":3121,"date":"2022-02-14T14:08:43","date_gmt":"2022-02-14T14:08:43","guid":{"rendered":"https:\/\/cognito.mprinsdesign.nl\/?page_id=3121"},"modified":"2025-05-30T10:51:14","modified_gmt":"2025-05-30T10:51:14","slug":"mas-informacion","status":"publish","type":"page","link":"https:\/\/termica-playa.com\/es\/mas-informacion\/","title":{"rendered":"M\u00e1s informaci\u00f3n"},"content":{"rendered":"<section class=\"wpb-content-wrapper\">\n<div  class=\"content_row row page-content margin-between contact-form-row vc_row wpb_row  default-style fullwidth\" >\n\t\n\t<div class=\"content_row_wrapper  default\" style=\"padding-top:50px;padding-bottom:50px;\"><div id=\"asdasd\" class=\"vc_col-sm-6 wpb_column vc_column_container\" >\n\t<div class=\"vc_column-inner\">\n\t\t<div class=\"wpb_wrapper\" >\n\t\t\t\n<div  class=\"content_row row contact-informatie-row vc_row vc_inner vc_row-fluid global-style fullwidth\" style=\"background-color: #baad85;\">\n\t\n\t<div class=\"content_row_wrapper  default\" style=\"padding-top:10px;padding-bottom:20px;padding-left:20px;padding-right:20px;\">\n\t<div class=\"vc_col-sm-12 wpb_column vc_column_container\" >\n\t<div class=\"vc_column-inner\">\n\t\t<div class=\"wpb_wrapper\" >\n\t\t\t<div class=\"rt_heading_wrapper style-3\">\n\t\t\t\t\t\t<h1 class=\"rt_heading  style-3\"  style=\"font-size:24px;margin-top:24px;margin-bottom:0px;\">M\u00e1s - <span class=\"after_h1 white\">Informaci\u00f3n<\/span><\/h1> \n\t\t\t\t\t<\/div>\n\t<div class=\"wpb_text_column wpb_content_element  meer-info white\" >\n\t\t<div class=\"wpb_wrapper\">\n\t\t\t<p>\u00bfTiene alguna pregunta y\/o le gustar\u00eda mantenerse informado sobre las novedades del proyecto de nueva construcci\u00f3n? <strong>Termica Playa<\/strong> en M\u00e1laga ciudad? Por favor complete el formulario aqu\u00ed para registrarse como interesado.<\/p>\n<p>Registrarse no te obliga a nada, al registrarte te mantendremos informado de las novedades y ser\u00e1s notificado <strong>lista de prelanzamiento<\/strong> para que luego tengas la primera opci\u00f3n. Podr\u00e1s registrarte tan pronto como comiencen las ventas oficiales.<\/p>\n<p><strong>Mayo de 2025 \u2013 lista de precios primera fase:<\/strong><\/p>\n<ul>\n<li>Apartamentos de 1 dormitorio y 1 ba\u00f1o de 84 m\u00b2 construidos m\u00e1s terraza. Precios desde 710.000 euros.<\/li>\n<li>Apartamentos de 2 dormitorios y 2 ba\u00f1os con 105 m\u00b2 construidos m\u00e1s terraza. Precios desde 1.250.000 euros.<\/li>\n<li>Apartamentos de 3 dormitorios y 2 ba\u00f1os con 246 m\u00b2 construidos m\u00e1s terraza. Precios desde 1.300.000 euros.<\/li>\n<li>Apartamentos de 4 dormitorios y 3 ba\u00f1os con 288 m\u00b2 construidos m\u00e1s terraza. Precios desde 3.690.000 euros.<\/li>\n<\/ul>\n<p>Recibir\u00e1s una presentaci\u00f3n extensa a trav\u00e9s de una videollamada personal y tambi\u00e9n podr\u00e1s hacer todas tus preguntas personales. El siguiente paso es una visita al lugar. Esto le dar\u00e1 una buena impresi\u00f3n sobre la base de la cual podr\u00e1 tomar una decisi\u00f3n final y meditada.<\/p>\n<p><strong>SOLICITE OFERTA ACTUAL Y PRECIOS<\/strong>, compra en 1\u00aa fase: \u00a1los mejores precios y (a\u00fan) mucha variedad!<\/p>\n\n\t\t<\/div>\n\t<\/div>\n\n\t\t<\/div>\n\t<\/div>\n\t<\/div>\n\n<\/div>\n<\/div>\n\n\t\t<\/div>\n\t<\/div>\n\t<\/div>\n\n\t<div id=\"asdasd\" class=\"vc_col-sm-6 wpb_column vc_column_container\" >\n\t<div class=\"vc_column-inner\">\n\t\t<div class=\"wpb_wrapper\" >\n\t\t\t\n<div  class=\"content_row row vc_row vc_inner vc_row-fluid global-style fullwidth\" >\n\t\n\t<div class=\"content_row_wrapper  default\" style=\"padding-top:10px;padding-bottom:20px;padding-left:20px;padding-right:20px;\">\n\t<div class=\"vc_col-sm-12 wpb_column vc_column_container\" >\n\t<div class=\"vc_column-inner\">\n\t\t<div class=\"wpb_wrapper\" >\n\t\t\t<div class=\"rt_heading_wrapper style-3\">\n\t\t\t\t\t\t<h1 class=\"rt_heading  style-3\"  style=\"font-size:24px;margin-top:24px;margin-bottom:0px;\">M\u00e1s informaci\u00f3n - <span class=\"after_h1\">Termica Playa<\/span><\/h1> \n\t\t\t\t\t<\/div>\n\t<div class=\"wpb_text_column wpb_content_element\" >\n\t\t<div class=\"wpb_wrapper\">\n\t\t\t<div class=\"contact-form\">\n    <form id=\"cc-contact-form\" method=\"POST\" action=\"\">\n                <div class=\"split-contact\">\n            <article class=\"contact-row\">\n                <label><strong> Nombre <\/strong>(obligado)<\/label>\n                                <input type=\"text\" name=\"cc-name\" id=\"name\" value=\"\" required>\n            <\/article>\n            <article class=\"contact-row\">\n                <label><strong> Correo electr\u00f3nico <\/strong>(obligado)<\/label>\n                                <input type=\"text\" name=\"cc-email\" id=\"email\" value=\"\" required>\n            <\/article>\n        <\/div>\n        <article class=\"contact-row\">\n            <label><strong> DIRECCI\u00d3N <\/strong><\/label>\n            <input type=\"text\" name=\"cc-address\" id=\"address\" value=\"\" required>\n        <\/article>\n        <div class=\"split-contact\">\n            <article class=\"contact-row\">\n                <label><strong> residencia <\/strong><\/label>\n                <input type=\"text\" name=\"cc-city\" id=\"city\" value=\"\" required>\n            <\/article>\n\n            <article class=\"contact-row\">\n                <label><strong> Pa\u00eds <\/strong><\/label>\n                <input type=\"text\" name=\"cc-country\" id=\"country\" value=\"\" required>\n            <\/article>\n        <\/div>\n        <article class=\"contact-row\">\n            <label><strong> n\u00famero de tel\u00e9fono <\/strong>(obligado)<\/label>\n                        <input type=\"text\" name=\"cc-phone\" id=\"phone\" value=\"\" required>\n        <\/article>\n        <article class=\"contact-row\">\n            <label class=\"privacy-check\">\n                <input type=\"checkbox\" name=\"cc-video\" id=\"video\" value=\"on\" required>\n                Me gustar\u00eda concertar una cita para una videollamada (visualizaci\u00f3n)\n            <\/label>\n        <\/article>\n        <article class=\"contact-row\">\n            <label><strong> Comentarios <\/strong><\/label>\n            <textarea \n                name=\"cc-comments\" \n                id=\"comments\" \n                required\n\t\t\t placeholder=\"Por ejemplo, indique aqu\u00ed si desea recibir informaci\u00f3n espec\u00edfica. \u00bfEst\u00e1s aqu\u00ed con poca antelaci\u00f3n? Por favor, h\u00e1ganos saber sobre nuestra planificaci\u00f3n.\"\n\t\t                rows=\"6\"\n            ><\/textarea>\n        <\/article>\n        <article class=\"contact-row\">\n                        <label class=\"privacy-check\">\n                <input type=\"checkbox\" name=\"cc-privacy\" id=\"privacy\" required>\n                estoy de acuerdo con el <a href=\"\/es\/politica-de-privacidad\/\">pol\u00edtica de privacidad<\/a>.\n            <\/label>\n        <\/article>\n        <article class=\"contact-row\">\n            <label type=\"hidden\" id=\"captcha-label\" style=\"display: none; color: red;\"><\/label>\n            <input id='recaptcha' class=\"g-recaptcha\" type=\"submit\" value=\"Enviar\" data-sitekey=\"6LeoCRIgAAAAAFGEHBimhbu4Ac0qLhPJSwqTq9Rq\" data-callback=\"ccSubmit\" data-action=\"submit\">\n        <\/article>\n    <input type=\"hidden\" name=\"trp-form-language\" value=\"es\"\/><\/form>\n<\/div>\n<script>\n    function ccSubmit(token) {\n        document.getElementById(\"cc-contact-form\").submit();\n    }\n<\/script>\n\n\n\t\t<\/div>\n\t<\/div>\n\n\t\t<\/div>\n\t<\/div>\n\t<\/div>\n\n<\/div>\n<\/div>\n\n\t\t<\/div>\n\t<\/div>\n\t<\/div>\n<\/div>\n<\/div>\n\n<\/section>","protected":false},"excerpt":{"rendered":"<p>\u2026 <a class=\"more-link\" href=\"https:\/\/termica-playa.com\/es\/mas-informacion\/\">sigue leyendo<\/a><\/p>","protected":false},"author":1,"featured_media":4177,"parent":0,"menu_order":6,"comment_status":"closed","ping_status":"closed","template":"","meta":{"footnotes":""},"class_list":["post-3121","page","type-page","status-publish","has-post-thumbnail","hentry"],"yoast_head":"<!-- This site is optimized with the Yoast SEO plugin v26.0 - https:\/\/yoast.com\/wordpress\/plugins\/seo\/ -->\n<title>Meer informatie - T\u00e9rmica Playa M\u00e1laga<\/title>\n<meta name=\"robots\" content=\"index, follow, max-snippet:-1, max-image-preview:large, max-video-preview:-1\" \/>\n<link rel=\"canonical\" href=\"https:\/\/termica-playa.com\/es\/mas-informacion\/\" \/>\n<meta property=\"og:locale\" content=\"es_ES\" \/>\n<meta property=\"og:type\" content=\"article\" \/>\n<meta property=\"og:title\" content=\"Meer informatie - T\u00e9rmica Playa M\u00e1laga\" \/>\n<meta property=\"og:url\" content=\"https:\/\/termica-playa.com\/es\/mas-informacion\/\" \/>\n<meta property=\"og:site_name\" content=\"T\u00e9rmica Playa M\u00e1laga\" \/>\n<meta property=\"article:modified_time\" content=\"2025-05-30T10:51:14+00:00\" \/>\n<meta property=\"og:image\" content=\"https:\/\/termica-playa.com\/wp-content\/uploads\/sites\/47\/2025\/01\/termica_seaview_2.jpg\" \/>\n\t<meta property=\"og:image:width\" content=\"2048\" \/>\n\t<meta property=\"og:image:height\" content=\"2560\" \/>\n\t<meta property=\"og:image:type\" content=\"image\/jpeg\" \/>\n<meta name=\"twitter:card\" content=\"summary_large_image\" \/>\n<meta name=\"twitter:label1\" content=\"Tiempo de lectura\" \/>\n\t<meta name=\"twitter:data1\" content=\"2 minutos\" \/>\n<script type=\"application\/ld+json\" class=\"yoast-schema-graph\">{\"@context\":\"https:\/\/schema.org\",\"@graph\":[{\"@type\":\"WebPage\",\"@id\":\"https:\/\/termica-playa.com\/meer-informatie\/\",\"url\":\"https:\/\/termica-playa.com\/meer-informatie\/\",\"name\":\"Meer informatie - T\u00e9rmica Playa M\u00e1laga\",\"isPartOf\":{\"@id\":\"https:\/\/termica-playa.com\/#website\"},\"primaryImageOfPage\":{\"@id\":\"https:\/\/termica-playa.com\/meer-informatie\/#primaryimage\"},\"image\":{\"@id\":\"https:\/\/termica-playa.com\/meer-informatie\/#primaryimage\"},\"thumbnailUrl\":\"https:\/\/termica-playa.com\/wp-content\/uploads\/sites\/47\/2025\/01\/termica_seaview_2.jpg\",\"datePublished\":\"2022-02-14T14:08:43+00:00\",\"dateModified\":\"2025-05-30T10:51:14+00:00\",\"breadcrumb\":{\"@id\":\"https:\/\/termica-playa.com\/meer-informatie\/#breadcrumb\"},\"inLanguage\":\"es\",\"potentialAction\":[{\"@type\":\"ReadAction\",\"target\":[\"https:\/\/termica-playa.com\/meer-informatie\/\"]}]},{\"@type\":\"ImageObject\",\"inLanguage\":\"es\",\"@id\":\"https:\/\/termica-playa.com\/meer-informatie\/#primaryimage\",\"url\":\"https:\/\/termica-playa.com\/wp-content\/uploads\/sites\/47\/2025\/01\/termica_seaview_2.jpg\",\"contentUrl\":\"https:\/\/termica-playa.com\/wp-content\/uploads\/sites\/47\/2025\/01\/termica_seaview_2.jpg\",\"width\":2048,\"height\":2560},{\"@type\":\"BreadcrumbList\",\"@id\":\"https:\/\/termica-playa.com\/meer-informatie\/#breadcrumb\",\"itemListElement\":[{\"@type\":\"ListItem\",\"position\":1,\"name\":\"Home\",\"item\":\"https:\/\/termica-playa.com\/\"},{\"@type\":\"ListItem\",\"position\":2,\"name\":\"Meer informatie\"}]},{\"@type\":\"WebSite\",\"@id\":\"https:\/\/termica-playa.com\/#website\",\"url\":\"https:\/\/termica-playa.com\/\",\"name\":\"T\u00e9rmica Playa M\u00e1laga\",\"description\":\"\",\"potentialAction\":[{\"@type\":\"SearchAction\",\"target\":{\"@type\":\"EntryPoint\",\"urlTemplate\":\"https:\/\/termica-playa.com\/?s={search_term_string}\"},\"query-input\":{\"@type\":\"PropertyValueSpecification\",\"valueRequired\":true,\"valueName\":\"search_term_string\"}}],\"inLanguage\":\"es\"}]}<\/script>\n<!-- \/ Yoast SEO plugin. -->","yoast_head_json":{"title":"M\u00e1s informaci\u00f3n - T\u00e9rmica Playa M\u00e1laga","robots":{"index":"index","follow":"follow","max-snippet":"max-snippet:-1","max-image-preview":"max-image-preview:large","max-video-preview":"max-video-preview:-1"},"canonical":"https:\/\/termica-playa.com\/es\/mas-informacion\/","og_locale":"es_ES","og_type":"article","og_title":"Meer informatie - T\u00e9rmica Playa M\u00e1laga","og_url":"https:\/\/termica-playa.com\/es\/mas-informacion\/","og_site_name":"T\u00e9rmica Playa M\u00e1laga","article_modified_time":"2025-05-30T10:51:14+00:00","og_image":[{"width":2048,"height":2560,"url":"https:\/\/termica-playa.com\/wp-content\/uploads\/sites\/47\/2025\/01\/termica_seaview_2.jpg","type":"image\/jpeg"}],"twitter_card":"summary_large_image","twitter_misc":{"Tiempo de lectura":"2 minutos"},"schema":{"@context":"https:\/\/schema.org","@graph":[{"@type":"WebPage","@id":"https:\/\/termica-playa.com\/meer-informatie\/","url":"https:\/\/termica-playa.com\/meer-informatie\/","name":"M\u00e1s informaci\u00f3n - T\u00e9rmica Playa M\u00e1laga","isPartOf":{"@id":"https:\/\/termica-playa.com\/#website"},"primaryImageOfPage":{"@id":"https:\/\/termica-playa.com\/meer-informatie\/#primaryimage"},"image":{"@id":"https:\/\/termica-playa.com\/meer-informatie\/#primaryimage"},"thumbnailUrl":"https:\/\/termica-playa.com\/wp-content\/uploads\/sites\/47\/2025\/01\/termica_seaview_2.jpg","datePublished":"2022-02-14T14:08:43+00:00","dateModified":"2025-05-30T10:51:14+00:00","breadcrumb":{"@id":"https:\/\/termica-playa.com\/meer-informatie\/#breadcrumb"},"inLanguage":"es","potentialAction":[{"@type":"ReadAction","target":["https:\/\/termica-playa.com\/meer-informatie\/"]}]},{"@type":"ImageObject","inLanguage":"es","@id":"https:\/\/termica-playa.com\/meer-informatie\/#primaryimage","url":"https:\/\/termica-playa.com\/wp-content\/uploads\/sites\/47\/2025\/01\/termica_seaview_2.jpg","contentUrl":"https:\/\/termica-playa.com\/wp-content\/uploads\/sites\/47\/2025\/01\/termica_seaview_2.jpg","width":2048,"height":2560},{"@type":"BreadcrumbList","@id":"https:\/\/termica-playa.com\/meer-informatie\/#breadcrumb","itemListElement":[{"@type":"ListItem","position":1,"name":"Home","item":"https:\/\/termica-playa.com\/"},{"@type":"ListItem","position":2,"name":"Meer informatie"}]},{"@type":"WebSite","@id":"https:\/\/termica-playa.com\/#website","url":"https:\/\/termica-playa.com\/","name":"Ba\u00f1os termales de Playa M\u00e1laga","description":"","potentialAction":[{"@type":"SearchAction","target":{"@type":"EntryPoint","urlTemplate":"https:\/\/termica-playa.com\/?s={search_term_string}"},"query-input":{"@type":"PropertyValueSpecification","valueRequired":true,"valueName":"search_term_string"}}],"inLanguage":"es"}]}},"_links":{"self":[{"href":"https:\/\/termica-playa.com\/es\/wp-json\/wp\/v2\/pages\/3121","targetHints":{"allow":["GET"]}}],"collection":[{"href":"https:\/\/termica-playa.com\/es\/wp-json\/wp\/v2\/pages"}],"about":[{"href":"https:\/\/termica-playa.com\/es\/wp-json\/wp\/v2\/types\/page"}],"author":[{"embeddable":true,"href":"https:\/\/termica-playa.com\/es\/wp-json\/wp\/v2\/users\/1"}],"replies":[{"embeddable":true,"href":"https:\/\/termica-playa.com\/es\/wp-json\/wp\/v2\/comments?post=3121"}],"version-history":[{"count":17,"href":"https:\/\/termica-playa.com\/es\/wp-json\/wp\/v2\/pages\/3121\/revisions"}],"predecessor-version":[{"id":4293,"href":"https:\/\/termica-playa.com\/es\/wp-json\/wp\/v2\/pages\/3121\/revisions\/4293"}],"wp:featuredmedia":[{"embeddable":true,"href":"https:\/\/termica-playa.com\/es\/wp-json\/wp\/v2\/media\/4177"}],"wp:attachment":[{"href":"https:\/\/termica-playa.com\/es\/wp-json\/wp\/v2\/media?parent=3121"}],"curies":[{"name":"wp","href":"https:\/\/api.w.org\/{rel}","templated":true}]}}