{"id":3121,"date":"2022-02-14T14:08:43","date_gmt":"2022-02-14T14:08:43","guid":{"rendered":"https:\/\/cognito.mprinsdesign.nl\/?page_id=3121"},"modified":"2025-05-30T10:51:14","modified_gmt":"2025-05-30T10:51:14","slug":"plus-dinformation","status":"publish","type":"page","link":"https:\/\/termica-playa.com\/fr\/plus-dinformation\/","title":{"rendered":"Plus d&#039;information"},"content":{"rendered":"<section class=\"wpb-content-wrapper\">\n<div  class=\"content_row row page-content margin-between contact-form-row vc_row wpb_row  default-style fullwidth\" >\n\t\n\t<div class=\"content_row_wrapper  default\" style=\"padding-top:50px;padding-bottom:50px;\"><div id=\"asdasd\" class=\"vc_col-sm-6 wpb_column vc_column_container\" >\n\t<div class=\"vc_column-inner\">\n\t\t<div class=\"wpb_wrapper\" >\n\t\t\t\n<div  class=\"content_row row contact-informatie-row vc_row vc_inner vc_row-fluid global-style fullwidth\" style=\"background-color: #baad85;\">\n\t\n\t<div class=\"content_row_wrapper  default\" style=\"padding-top:10px;padding-bottom:20px;padding-left:20px;padding-right:20px;\">\n\t<div class=\"vc_col-sm-12 wpb_column vc_column_container\" >\n\t<div class=\"vc_column-inner\">\n\t\t<div class=\"wpb_wrapper\" >\n\t\t\t<div class=\"rt_heading_wrapper style-3\">\n\t\t\t\t\t\t<h1 class=\"rt_heading  style-3\"  style=\"font-size:24px;margin-top:24px;margin-bottom:0px;\">Plus - <span class=\"after_h1 white\">Information<\/span><\/h1> \n\t\t\t\t\t<\/div>\n\t<div class=\"wpb_text_column wpb_content_element  meer-info white\" >\n\t\t<div class=\"wpb_wrapper\">\n\t\t\t<p>Vous avez des questions et\/ou souhaitez \u00eatre inform\u00e9 des \u00e9volutions du nouveau projet de construction ? <strong>T\u00e9rmica Playa<\/strong> dans la ville de Malaga ? Veuillez remplir le formulaire ici pour vous inscrire en tant que partie int\u00e9ress\u00e9e.<\/p>\n<p>L&#039;inscription ne vous engage \u00e0 rien, en vous inscrivant nous vous tiendrons inform\u00e9 des \u00e9volutions et vous en serez averti <strong>liste de pr\u00e9-lancement<\/strong> afin que vous ayez le premier choix plus tard. Vous pouvez vous inscrire d\u00e8s le d\u00e9but des ventes officielles.<\/p>\n<p><strong>Mai 2025 \u2013 liste de prix premi\u00e8re phase :<\/strong><\/p>\n<ul>\n<li>Les appartements d&#039;une chambre et d&#039;une salle de bain mesurent 84 m2 construits plus une terrasse. Prix \u00e0 partir de 710 000 euros<\/li>\n<li>Les appartements de 2 chambres et 2 salles de bains sont de 105 m2 construits plus terrasse. Prix \u00e0 partir de 1 250 000 euros<\/li>\n<li>Les appartements de 3 chambres et 2 salles de bains sont de 246 m2 construits plus terrasse. Prix \u00e0 partir de 1 300 000 euros<\/li>\n<li>Les appartements de 4 chambres et 3 salles de bains sont de 288 m2 construits plus terrasse. Prix \u00e0 partir de 3 690 000 euros<\/li>\n<\/ul>\n<p>Vous recevrez une pr\u00e9sentation d\u00e9taill\u00e9e via un appel vid\u00e9o personnel et vous pourrez \u00e9galement poser toutes vos questions personnelles. L\u2019\u00e9tape suivante est une visite des lieux. Cela vous donnera une bonne impression sur la base de laquelle vous pourrez prendre une d\u00e9cision finale et r\u00e9fl\u00e9chie.<\/p>\n<p><strong>DEMANDER L&#039;OFFRE ET LES PRIX ACTUELS<\/strong>, achetez en 1\u00e8re phase \u2013 les meilleurs prix et (toujours) beaucoup de choix !<\/p>\n\n\t\t<\/div>\n\t<\/div>\n\n\t\t<\/div>\n\t<\/div>\n\t<\/div>\n\n<\/div>\n<\/div>\n\n\t\t<\/div>\n\t<\/div>\n\t<\/div>\n\n\t<div id=\"asdasd\" class=\"vc_col-sm-6 wpb_column vc_column_container\" >\n\t<div class=\"vc_column-inner\">\n\t\t<div class=\"wpb_wrapper\" >\n\t\t\t\n<div  class=\"content_row row vc_row vc_inner vc_row-fluid global-style fullwidth\" >\n\t\n\t<div class=\"content_row_wrapper  default\" style=\"padding-top:10px;padding-bottom:20px;padding-left:20px;padding-right:20px;\">\n\t<div class=\"vc_col-sm-12 wpb_column vc_column_container\" >\n\t<div class=\"vc_column-inner\">\n\t\t<div class=\"wpb_wrapper\" >\n\t\t\t<div class=\"rt_heading_wrapper style-3\">\n\t\t\t\t\t\t<h1 class=\"rt_heading  style-3\"  style=\"font-size:24px;margin-top:24px;margin-bottom:0px;\">Plus d&#039;infos - <span class=\"after_h1\">T\u00e9rmica Playa<\/span><\/h1> \n\t\t\t\t\t<\/div>\n\t<div class=\"wpb_text_column wpb_content_element\" >\n\t\t<div class=\"wpb_wrapper\">\n\t\t\t<div class=\"contact-form\">\n    <form id=\"cc-contact-form\" method=\"POST\" action=\"\">\n                <div class=\"split-contact\">\n            <article class=\"contact-row\">\n                <label><strong> Nom <\/strong>(oblig\u00e9)<\/label>\n                                <input type=\"text\" name=\"cc-name\" id=\"name\" value=\"\" required>\n            <\/article>\n            <article class=\"contact-row\">\n                <label><strong> E-mail <\/strong>(oblig\u00e9)<\/label>\n                                <input type=\"text\" name=\"cc-email\" id=\"email\" value=\"\" required>\n            <\/article>\n        <\/div>\n        <article class=\"contact-row\">\n            <label><strong> Adresse <\/strong><\/label>\n            <input type=\"text\" name=\"cc-address\" id=\"address\" value=\"\" required>\n        <\/article>\n        <div class=\"split-contact\">\n            <article class=\"contact-row\">\n                <label><strong> r\u00e9sidence <\/strong><\/label>\n                <input type=\"text\" name=\"cc-city\" id=\"city\" value=\"\" required>\n            <\/article>\n\n            <article class=\"contact-row\">\n                <label><strong> Pays <\/strong><\/label>\n                <input type=\"text\" name=\"cc-country\" id=\"country\" value=\"\" required>\n            <\/article>\n        <\/div>\n        <article class=\"contact-row\">\n            <label><strong> num\u00e9ro de t\u00e9l\u00e9phone <\/strong>(oblig\u00e9)<\/label>\n                        <input type=\"text\" name=\"cc-phone\" id=\"phone\" value=\"\" required>\n        <\/article>\n        <article class=\"contact-row\">\n            <label class=\"privacy-check\">\n                <input type=\"checkbox\" name=\"cc-video\" id=\"video\" value=\"on\" required>\n                Je souhaiterais prendre rendez-vous pour un appel vid\u00e9o (visite)\n            <\/label>\n        <\/article>\n        <article class=\"contact-row\">\n            <label><strong> commentaires <\/strong><\/label>\n            <textarea \n                name=\"cc-comments\" \n                id=\"comments\" \n                required\n\t\t\t placeholder=\"Par exemple, indiquez ici si vous souhaitez recevoir des informations sp\u00e9cifiques. \u00cates-vous ici \u00e0 court terme ? Veuillez nous informer de notre planification.\"\n\t\t                rows=\"6\"\n            ><\/textarea>\n        <\/article>\n        <article class=\"contact-row\">\n                        <label class=\"privacy-check\">\n                <input type=\"checkbox\" name=\"cc-privacy\" id=\"privacy\" required>\n                je suis d&#039;accord avec le <a href=\"\/fr\/politique-de-confidentialite\/\">politique de confidentialit\u00e9<\/a>.\n            <\/label>\n        <\/article>\n        <article class=\"contact-row\">\n            <label type=\"hidden\" id=\"captcha-label\" style=\"display: none; color: red;\"><\/label>\n            <input id='recaptcha' class=\"g-recaptcha\" type=\"submit\" value=\"exp\u00e9dier\" data-sitekey=\"6LeoCRIgAAAAAFGEHBimhbu4Ac0qLhPJSwqTq9Rq\" data-callback=\"ccSubmit\" data-action=\"submit\">\n        <\/article>\n    <input type=\"hidden\" name=\"trp-form-language\" value=\"fr\"\/><\/form>\n<\/div>\n<script>\n    function ccSubmit(token) {\n        document.getElementById(\"cc-contact-form\").submit();\n    }\n<\/script>\n\n\n\t\t<\/div>\n\t<\/div>\n\n\t\t<\/div>\n\t<\/div>\n\t<\/div>\n\n<\/div>\n<\/div>\n\n\t\t<\/div>\n\t<\/div>\n\t<\/div>\n<\/div>\n<\/div>\n\n<\/section>","protected":false},"excerpt":{"rendered":"<p>\u2026 <a class=\"more-link\" href=\"https:\/\/termica-playa.com\/fr\/plus-dinformation\/\">continuer la lecture<\/a><\/p>","protected":false},"author":1,"featured_media":4177,"parent":0,"menu_order":6,"comment_status":"closed","ping_status":"closed","template":"","meta":{"footnotes":""},"class_list":["post-3121","page","type-page","status-publish","has-post-thumbnail","hentry"],"yoast_head":"<!-- This site is optimized with the Yoast SEO plugin v26.0 - https:\/\/yoast.com\/wordpress\/plugins\/seo\/ -->\n<title>Meer informatie - T\u00e9rmica Playa M\u00e1laga<\/title>\n<meta name=\"robots\" content=\"index, follow, max-snippet:-1, max-image-preview:large, max-video-preview:-1\" \/>\n<link rel=\"canonical\" href=\"https:\/\/termica-playa.com\/fr\/plus-dinformation\/\" \/>\n<meta property=\"og:locale\" content=\"fr_FR\" \/>\n<meta property=\"og:type\" content=\"article\" \/>\n<meta property=\"og:title\" content=\"Meer informatie - T\u00e9rmica Playa M\u00e1laga\" \/>\n<meta property=\"og:url\" content=\"https:\/\/termica-playa.com\/fr\/plus-dinformation\/\" \/>\n<meta property=\"og:site_name\" content=\"T\u00e9rmica Playa M\u00e1laga\" \/>\n<meta property=\"article:modified_time\" content=\"2025-05-30T10:51:14+00:00\" \/>\n<meta property=\"og:image\" content=\"https:\/\/termica-playa.com\/wp-content\/uploads\/sites\/47\/2025\/01\/termica_seaview_2.jpg\" \/>\n\t<meta property=\"og:image:width\" content=\"2048\" \/>\n\t<meta property=\"og:image:height\" content=\"2560\" \/>\n\t<meta property=\"og:image:type\" content=\"image\/jpeg\" \/>\n<meta name=\"twitter:card\" content=\"summary_large_image\" \/>\n<meta name=\"twitter:label1\" content=\"Dur\u00e9e de lecture estim\u00e9e\" \/>\n\t<meta name=\"twitter:data1\" content=\"2 minutes\" \/>\n<script type=\"application\/ld+json\" class=\"yoast-schema-graph\">{\"@context\":\"https:\/\/schema.org\",\"@graph\":[{\"@type\":\"WebPage\",\"@id\":\"https:\/\/termica-playa.com\/meer-informatie\/\",\"url\":\"https:\/\/termica-playa.com\/meer-informatie\/\",\"name\":\"Meer informatie - T\u00e9rmica Playa M\u00e1laga\",\"isPartOf\":{\"@id\":\"https:\/\/termica-playa.com\/#website\"},\"primaryImageOfPage\":{\"@id\":\"https:\/\/termica-playa.com\/meer-informatie\/#primaryimage\"},\"image\":{\"@id\":\"https:\/\/termica-playa.com\/meer-informatie\/#primaryimage\"},\"thumbnailUrl\":\"https:\/\/termica-playa.com\/wp-content\/uploads\/sites\/47\/2025\/01\/termica_seaview_2.jpg\",\"datePublished\":\"2022-02-14T14:08:43+00:00\",\"dateModified\":\"2025-05-30T10:51:14+00:00\",\"breadcrumb\":{\"@id\":\"https:\/\/termica-playa.com\/meer-informatie\/#breadcrumb\"},\"inLanguage\":\"fr-FR\",\"potentialAction\":[{\"@type\":\"ReadAction\",\"target\":[\"https:\/\/termica-playa.com\/meer-informatie\/\"]}]},{\"@type\":\"ImageObject\",\"inLanguage\":\"fr-FR\",\"@id\":\"https:\/\/termica-playa.com\/meer-informatie\/#primaryimage\",\"url\":\"https:\/\/termica-playa.com\/wp-content\/uploads\/sites\/47\/2025\/01\/termica_seaview_2.jpg\",\"contentUrl\":\"https:\/\/termica-playa.com\/wp-content\/uploads\/sites\/47\/2025\/01\/termica_seaview_2.jpg\",\"width\":2048,\"height\":2560},{\"@type\":\"BreadcrumbList\",\"@id\":\"https:\/\/termica-playa.com\/meer-informatie\/#breadcrumb\",\"itemListElement\":[{\"@type\":\"ListItem\",\"position\":1,\"name\":\"Home\",\"item\":\"https:\/\/termica-playa.com\/\"},{\"@type\":\"ListItem\",\"position\":2,\"name\":\"Meer informatie\"}]},{\"@type\":\"WebSite\",\"@id\":\"https:\/\/termica-playa.com\/#website\",\"url\":\"https:\/\/termica-playa.com\/\",\"name\":\"T\u00e9rmica Playa M\u00e1laga\",\"description\":\"\",\"potentialAction\":[{\"@type\":\"SearchAction\",\"target\":{\"@type\":\"EntryPoint\",\"urlTemplate\":\"https:\/\/termica-playa.com\/?s={search_term_string}\"},\"query-input\":{\"@type\":\"PropertyValueSpecification\",\"valueRequired\":true,\"valueName\":\"search_term_string\"}}],\"inLanguage\":\"fr-FR\"}]}<\/script>\n<!-- \/ Yoast SEO plugin. -->","yoast_head_json":{"title":"Plus d&#039;informations - T\u00e9rmica Playa M\u00e1laga","robots":{"index":"index","follow":"follow","max-snippet":"max-snippet:-1","max-image-preview":"max-image-preview:large","max-video-preview":"max-video-preview:-1"},"canonical":"https:\/\/termica-playa.com\/fr\/plus-dinformation\/","og_locale":"fr_FR","og_type":"article","og_title":"Meer informatie - T\u00e9rmica Playa M\u00e1laga","og_url":"https:\/\/termica-playa.com\/fr\/plus-dinformation\/","og_site_name":"T\u00e9rmica Playa M\u00e1laga","article_modified_time":"2025-05-30T10:51:14+00:00","og_image":[{"width":2048,"height":2560,"url":"https:\/\/termica-playa.com\/wp-content\/uploads\/sites\/47\/2025\/01\/termica_seaview_2.jpg","type":"image\/jpeg"}],"twitter_card":"summary_large_image","twitter_misc":{"Dur\u00e9e de lecture estim\u00e9e":"2 minutes"},"schema":{"@context":"https:\/\/schema.org","@graph":[{"@type":"WebPage","@id":"https:\/\/termica-playa.com\/meer-informatie\/","url":"https:\/\/termica-playa.com\/meer-informatie\/","name":"Plus d&#039;informations - T\u00e9rmica Playa M\u00e1laga","isPartOf":{"@id":"https:\/\/termica-playa.com\/#website"},"primaryImageOfPage":{"@id":"https:\/\/termica-playa.com\/meer-informatie\/#primaryimage"},"image":{"@id":"https:\/\/termica-playa.com\/meer-informatie\/#primaryimage"},"thumbnailUrl":"https:\/\/termica-playa.com\/wp-content\/uploads\/sites\/47\/2025\/01\/termica_seaview_2.jpg","datePublished":"2022-02-14T14:08:43+00:00","dateModified":"2025-05-30T10:51:14+00:00","breadcrumb":{"@id":"https:\/\/termica-playa.com\/meer-informatie\/#breadcrumb"},"inLanguage":"fr-FR","potentialAction":[{"@type":"ReadAction","target":["https:\/\/termica-playa.com\/meer-informatie\/"]}]},{"@type":"ImageObject","inLanguage":"fr-FR","@id":"https:\/\/termica-playa.com\/meer-informatie\/#primaryimage","url":"https:\/\/termica-playa.com\/wp-content\/uploads\/sites\/47\/2025\/01\/termica_seaview_2.jpg","contentUrl":"https:\/\/termica-playa.com\/wp-content\/uploads\/sites\/47\/2025\/01\/termica_seaview_2.jpg","width":2048,"height":2560},{"@type":"BreadcrumbList","@id":"https:\/\/termica-playa.com\/meer-informatie\/#breadcrumb","itemListElement":[{"@type":"ListItem","position":1,"name":"Home","item":"https:\/\/termica-playa.com\/"},{"@type":"ListItem","position":2,"name":"Meer informatie"}]},{"@type":"WebSite","@id":"https:\/\/termica-playa.com\/#website","url":"https:\/\/termica-playa.com\/","name":"Bains thermaux de Playa M\u00e1laga","description":"","potentialAction":[{"@type":"SearchAction","target":{"@type":"EntryPoint","urlTemplate":"https:\/\/termica-playa.com\/?s={search_term_string}"},"query-input":{"@type":"PropertyValueSpecification","valueRequired":true,"valueName":"search_term_string"}}],"inLanguage":"fr-FR"}]}},"_links":{"self":[{"href":"https:\/\/termica-playa.com\/fr\/wp-json\/wp\/v2\/pages\/3121","targetHints":{"allow":["GET"]}}],"collection":[{"href":"https:\/\/termica-playa.com\/fr\/wp-json\/wp\/v2\/pages"}],"about":[{"href":"https:\/\/termica-playa.com\/fr\/wp-json\/wp\/v2\/types\/page"}],"author":[{"embeddable":true,"href":"https:\/\/termica-playa.com\/fr\/wp-json\/wp\/v2\/users\/1"}],"replies":[{"embeddable":true,"href":"https:\/\/termica-playa.com\/fr\/wp-json\/wp\/v2\/comments?post=3121"}],"version-history":[{"count":17,"href":"https:\/\/termica-playa.com\/fr\/wp-json\/wp\/v2\/pages\/3121\/revisions"}],"predecessor-version":[{"id":4293,"href":"https:\/\/termica-playa.com\/fr\/wp-json\/wp\/v2\/pages\/3121\/revisions\/4293"}],"wp:featuredmedia":[{"embeddable":true,"href":"https:\/\/termica-playa.com\/fr\/wp-json\/wp\/v2\/media\/4177"}],"wp:attachment":[{"href":"https:\/\/termica-playa.com\/fr\/wp-json\/wp\/v2\/media?parent=3121"}],"curies":[{"name":"wp","href":"https:\/\/api.w.org\/{rel}","templated":true}]}}