{"id":3121,"date":"2022-02-14T14:08:43","date_gmt":"2022-02-14T14:08:43","guid":{"rendered":"https:\/\/cognito.mprinsdesign.nl\/?page_id=3121"},"modified":"2025-05-30T10:51:14","modified_gmt":"2025-05-30T10:51:14","slug":"wiecej-informacji","status":"publish","type":"page","link":"https:\/\/termica-playa.com\/pl\/wiecej-informacji\/","title":{"rendered":"Wi\u0119cej informacji"},"content":{"rendered":"<section class=\"wpb-content-wrapper\">\n<div  class=\"content_row row page-content margin-between contact-form-row vc_row wpb_row  default-style fullwidth\" >\n\t\n\t<div class=\"content_row_wrapper  default\" style=\"padding-top:50px;padding-bottom:50px;\"><div id=\"asdasd\" class=\"vc_col-sm-6 wpb_column vc_column_container\" >\n\t<div class=\"vc_column-inner\">\n\t\t<div class=\"wpb_wrapper\" >\n\t\t\t\n<div  class=\"content_row row contact-informatie-row vc_row vc_inner vc_row-fluid global-style fullwidth\" style=\"background-color: #baad85;\">\n\t\n\t<div class=\"content_row_wrapper  default\" style=\"padding-top:10px;padding-bottom:20px;padding-left:20px;padding-right:20px;\">\n\t<div class=\"vc_col-sm-12 wpb_column vc_column_container\" >\n\t<div class=\"vc_column-inner\">\n\t\t<div class=\"wpb_wrapper\" >\n\t\t\t<div class=\"rt_heading_wrapper style-3\">\n\t\t\t\t\t\t<h1 class=\"rt_heading  style-3\"  style=\"font-size:24px;margin-top:24px;margin-bottom:0px;\">Wi\u0119cej - <span class=\"after_h1 white\">Informacja<\/span><\/h1> \n\t\t\t\t\t<\/div>\n\t<div class=\"wpb_text_column wpb_content_element  meer-info white\" >\n\t\t<div class=\"wpb_wrapper\">\n\t\t\t<p>Masz pytania i\/lub chcesz by\u0107 na bie\u017c\u0105co informowany o rozwoju nowego projektu budowlanego? <strong>Termica Playa<\/strong> w Maladze? Wype\u0142nij formularz tutaj, aby zarejestrowa\u0107 si\u0119 jako zainteresowana strona.<\/p>\n<p>Rejestracja do niczego Ci\u0119 nie zobowi\u0105zuje, rejestruj\u0105c si\u0119 b\u0119dziemy na bie\u017c\u0105co informowa\u0107 Ci\u0119 o rozwoju wydarze\u0144 i b\u0119dziesz o tym informowany <strong>lista przed startem<\/strong> aby\u015b wkr\u00f3tce mia\u0142 pierwszy wyb\u00f3r. Rejestracji mo\u017cna dokona\u0107 zaraz po rozpocz\u0119ciu oficjalnej sprzeda\u017cy.<\/p>\n<p><strong>Maj 2025 \u2013 cennik faza pierwsza:<\/strong><\/p>\n<ul>\n<li>Apartamenty z 1 sypialni\u0105 i 1 \u0142azienk\u0105 maj\u0105 powierzchni\u0119 84 m2 plus taras. Ceny od 710 000 euro<\/li>\n<li>Apartamenty z 2 sypialniami i 2 \u0142azienkami maj\u0105 powierzchni\u0119 105 m2 plus taras. Ceny od 1 250 000 euro<\/li>\n<li>Apartamenty z 3 sypialniami i 2 \u0142azienkami maj\u0105 powierzchni\u0119 246 m2 plus taras. Ceny od 1 300 000 euro<\/li>\n<li>Apartamenty z 4 sypialniami i 3 \u0142azienkami maj\u0105 powierzchni\u0119 288 m2 plus taras. Ceny od 3 690 000 euro<\/li>\n<\/ul>\n<p>Otrzymasz szczeg\u00f3\u0142ow\u0105 prezentacj\u0119 podczas osobistej rozmowy wideo, b\u0119dziesz m\u00f3g\u0142 tak\u017ce zada\u0107 wszystkie osobiste pytania. Nast\u0119pnym krokiem jest wizyta na miejscu. Pozwoli ci to wywrze\u0107 dobre wra\u017cenie, na podstawie kt\u00f3rego b\u0119dziesz m\u00f3g\u0142 podj\u0105\u0107 ostateczn\u0105, przemy\u015blan\u0105 decyzj\u0119.<\/p>\n<p><strong>ZAPYTAJ O AKTUALN\u0104 OFERT\u0118 I CENY<\/strong>, kup w 1 fazie \u2013 najlepsze ceny i (nadal) du\u017cy wyb\u00f3r!<\/p>\n\n\t\t<\/div>\n\t<\/div>\n\n\t\t<\/div>\n\t<\/div>\n\t<\/div>\n\n<\/div>\n<\/div>\n\n\t\t<\/div>\n\t<\/div>\n\t<\/div>\n\n\t<div id=\"asdasd\" class=\"vc_col-sm-6 wpb_column vc_column_container\" >\n\t<div class=\"vc_column-inner\">\n\t\t<div class=\"wpb_wrapper\" >\n\t\t\t\n<div  class=\"content_row row vc_row vc_inner vc_row-fluid global-style fullwidth\" >\n\t\n\t<div class=\"content_row_wrapper  default\" style=\"padding-top:10px;padding-bottom:20px;padding-left:20px;padding-right:20px;\">\n\t<div class=\"vc_col-sm-12 wpb_column vc_column_container\" >\n\t<div class=\"vc_column-inner\">\n\t\t<div class=\"wpb_wrapper\" >\n\t\t\t<div class=\"rt_heading_wrapper style-3\">\n\t\t\t\t\t\t<h1 class=\"rt_heading  style-3\"  style=\"font-size:24px;margin-top:24px;margin-bottom:0px;\">Wi\u0119cej informacji - <span class=\"after_h1\">Termica Playa<\/span><\/h1> \n\t\t\t\t\t<\/div>\n\t<div class=\"wpb_text_column wpb_content_element\" >\n\t\t<div class=\"wpb_wrapper\">\n\t\t\t<div class=\"contact-form\">\n    <form id=\"cc-contact-form\" method=\"POST\" action=\"\">\n                <div class=\"split-contact\">\n            <article class=\"contact-row\">\n                <label><strong> Nazwa <\/strong>(zobowi\u0105zany)<\/label>\n                                <input type=\"text\" name=\"cc-name\" id=\"name\" value=\"\" required>\n            <\/article>\n            <article class=\"contact-row\">\n                <label><strong> E-mail <\/strong>(zobowi\u0105zany)<\/label>\n                                <input type=\"text\" name=\"cc-email\" id=\"email\" value=\"\" required>\n            <\/article>\n        <\/div>\n        <article class=\"contact-row\">\n            <label><strong> Adres <\/strong><\/label>\n            <input type=\"text\" name=\"cc-address\" id=\"address\" value=\"\" required>\n        <\/article>\n        <div class=\"split-contact\">\n            <article class=\"contact-row\">\n                <label><strong> rezydencja <\/strong><\/label>\n                <input type=\"text\" name=\"cc-city\" id=\"city\" value=\"\" required>\n            <\/article>\n\n            <article class=\"contact-row\">\n                <label><strong> Kraj <\/strong><\/label>\n                <input type=\"text\" name=\"cc-country\" id=\"country\" value=\"\" required>\n            <\/article>\n        <\/div>\n        <article class=\"contact-row\">\n            <label><strong> numer telefonu <\/strong>(zobowi\u0105zany)<\/label>\n                        <input type=\"text\" name=\"cc-phone\" id=\"phone\" value=\"\" required>\n        <\/article>\n        <article class=\"contact-row\">\n            <label class=\"privacy-check\">\n                <input type=\"checkbox\" name=\"cc-video\" id=\"video\" value=\"on\" required>\n                Chcia\u0142bym um\u00f3wi\u0107 si\u0119 na rozmow\u0119 wideo (ogl\u0105danie)\n            <\/label>\n        <\/article>\n        <article class=\"contact-row\">\n            <label><strong> Uwagi <\/strong><\/label>\n            <textarea \n                name=\"cc-comments\" \n                id=\"comments\" \n                required\n\t\t\t placeholder=\"Wska\u017c tutaj na przyk\u0142ad, czy chcesz otrzymywa\u0107 okre\u015blone informacje. Czy jeste\u015b tu w najbli\u017cszym czasie? Prosz\u0119 da\u0107 nam zna\u0107 o naszych planach.\"\n\t\t                rows=\"6\"\n            ><\/textarea>\n        <\/article>\n        <article class=\"contact-row\">\n                        <label class=\"privacy-check\">\n                <input type=\"checkbox\" name=\"cc-privacy\" id=\"privacy\" required>\n                zgadzam si\u0119 z <a href=\"\/pl\/polityka-prywatnosci\/\">Polityka prywatno\u015bci<\/a>.\n            <\/label>\n        <\/article>\n        <article class=\"contact-row\">\n            <label type=\"hidden\" id=\"captcha-label\" style=\"display: none; color: red;\"><\/label>\n            <input id='recaptcha' class=\"g-recaptcha\" type=\"submit\" value=\"Wys\u0142a\u0107\" data-sitekey=\"6LeoCRIgAAAAAFGEHBimhbu4Ac0qLhPJSwqTq9Rq\" data-callback=\"ccSubmit\" data-action=\"submit\">\n        <\/article>\n    <input type=\"hidden\" name=\"trp-form-language\" value=\"pl\"\/><\/form>\n<\/div>\n<script>\n    function ccSubmit(token) {\n        document.getElementById(\"cc-contact-form\").submit();\n    }\n<\/script>\n\n\n\t\t<\/div>\n\t<\/div>\n\n\t\t<\/div>\n\t<\/div>\n\t<\/div>\n\n<\/div>\n<\/div>\n\n\t\t<\/div>\n\t<\/div>\n\t<\/div>\n<\/div>\n<\/div>\n\n<\/section>","protected":false},"excerpt":{"rendered":"<p>\u2026 <a class=\"more-link\" href=\"https:\/\/termica-playa.com\/pl\/wiecej-informacji\/\">Kontynuuj czytanie<\/a><\/p>","protected":false},"author":1,"featured_media":4177,"parent":0,"menu_order":6,"comment_status":"closed","ping_status":"closed","template":"","meta":{"footnotes":""},"class_list":["post-3121","page","type-page","status-publish","has-post-thumbnail","hentry"],"yoast_head":"<!-- This site is optimized with the Yoast SEO plugin v26.0 - https:\/\/yoast.com\/wordpress\/plugins\/seo\/ -->\n<title>Meer informatie - T\u00e9rmica Playa M\u00e1laga<\/title>\n<meta name=\"robots\" content=\"index, follow, max-snippet:-1, max-image-preview:large, max-video-preview:-1\" \/>\n<link rel=\"canonical\" href=\"https:\/\/termica-playa.com\/pl\/wiecej-informacji\/\" \/>\n<meta property=\"og:locale\" content=\"pl_PL\" \/>\n<meta property=\"og:type\" content=\"article\" \/>\n<meta property=\"og:title\" content=\"Meer informatie - T\u00e9rmica Playa M\u00e1laga\" \/>\n<meta property=\"og:url\" content=\"https:\/\/termica-playa.com\/pl\/wiecej-informacji\/\" \/>\n<meta property=\"og:site_name\" content=\"T\u00e9rmica Playa M\u00e1laga\" \/>\n<meta property=\"article:modified_time\" content=\"2025-05-30T10:51:14+00:00\" \/>\n<meta property=\"og:image\" content=\"https:\/\/termica-playa.com\/wp-content\/uploads\/sites\/47\/2025\/01\/termica_seaview_2.jpg\" \/>\n\t<meta property=\"og:image:width\" content=\"2048\" \/>\n\t<meta property=\"og:image:height\" content=\"2560\" \/>\n\t<meta property=\"og:image:type\" content=\"image\/jpeg\" \/>\n<meta name=\"twitter:card\" content=\"summary_large_image\" \/>\n<meta name=\"twitter:label1\" content=\"Szacowany czas czytania\" \/>\n\t<meta name=\"twitter:data1\" content=\"2 minuty\" \/>\n<script type=\"application\/ld+json\" class=\"yoast-schema-graph\">{\"@context\":\"https:\/\/schema.org\",\"@graph\":[{\"@type\":\"WebPage\",\"@id\":\"https:\/\/termica-playa.com\/meer-informatie\/\",\"url\":\"https:\/\/termica-playa.com\/meer-informatie\/\",\"name\":\"Meer informatie - T\u00e9rmica Playa M\u00e1laga\",\"isPartOf\":{\"@id\":\"https:\/\/termica-playa.com\/#website\"},\"primaryImageOfPage\":{\"@id\":\"https:\/\/termica-playa.com\/meer-informatie\/#primaryimage\"},\"image\":{\"@id\":\"https:\/\/termica-playa.com\/meer-informatie\/#primaryimage\"},\"thumbnailUrl\":\"https:\/\/termica-playa.com\/wp-content\/uploads\/sites\/47\/2025\/01\/termica_seaview_2.jpg\",\"datePublished\":\"2022-02-14T14:08:43+00:00\",\"dateModified\":\"2025-05-30T10:51:14+00:00\",\"breadcrumb\":{\"@id\":\"https:\/\/termica-playa.com\/meer-informatie\/#breadcrumb\"},\"inLanguage\":\"pl-PL\",\"potentialAction\":[{\"@type\":\"ReadAction\",\"target\":[\"https:\/\/termica-playa.com\/meer-informatie\/\"]}]},{\"@type\":\"ImageObject\",\"inLanguage\":\"pl-PL\",\"@id\":\"https:\/\/termica-playa.com\/meer-informatie\/#primaryimage\",\"url\":\"https:\/\/termica-playa.com\/wp-content\/uploads\/sites\/47\/2025\/01\/termica_seaview_2.jpg\",\"contentUrl\":\"https:\/\/termica-playa.com\/wp-content\/uploads\/sites\/47\/2025\/01\/termica_seaview_2.jpg\",\"width\":2048,\"height\":2560},{\"@type\":\"BreadcrumbList\",\"@id\":\"https:\/\/termica-playa.com\/meer-informatie\/#breadcrumb\",\"itemListElement\":[{\"@type\":\"ListItem\",\"position\":1,\"name\":\"Home\",\"item\":\"https:\/\/termica-playa.com\/\"},{\"@type\":\"ListItem\",\"position\":2,\"name\":\"Meer informatie\"}]},{\"@type\":\"WebSite\",\"@id\":\"https:\/\/termica-playa.com\/#website\",\"url\":\"https:\/\/termica-playa.com\/\",\"name\":\"T\u00e9rmica Playa M\u00e1laga\",\"description\":\"\",\"potentialAction\":[{\"@type\":\"SearchAction\",\"target\":{\"@type\":\"EntryPoint\",\"urlTemplate\":\"https:\/\/termica-playa.com\/?s={search_term_string}\"},\"query-input\":{\"@type\":\"PropertyValueSpecification\",\"valueRequired\":true,\"valueName\":\"search_term_string\"}}],\"inLanguage\":\"pl-PL\"}]}<\/script>\n<!-- \/ Yoast SEO plugin. -->","yoast_head_json":{"title":"Wi\u0119cej informacji - T\u00e9rmica Playa M\u00e1laga","robots":{"index":"index","follow":"follow","max-snippet":"max-snippet:-1","max-image-preview":"max-image-preview:large","max-video-preview":"max-video-preview:-1"},"canonical":"https:\/\/termica-playa.com\/pl\/wiecej-informacji\/","og_locale":"pl_PL","og_type":"article","og_title":"Meer informatie - T\u00e9rmica Playa M\u00e1laga","og_url":"https:\/\/termica-playa.com\/pl\/wiecej-informacji\/","og_site_name":"T\u00e9rmica Playa M\u00e1laga","article_modified_time":"2025-05-30T10:51:14+00:00","og_image":[{"width":2048,"height":2560,"url":"https:\/\/termica-playa.com\/wp-content\/uploads\/sites\/47\/2025\/01\/termica_seaview_2.jpg","type":"image\/jpeg"}],"twitter_card":"summary_large_image","twitter_misc":{"Szacowany czas czytania":"2 minuty"},"schema":{"@context":"https:\/\/schema.org","@graph":[{"@type":"WebPage","@id":"https:\/\/termica-playa.com\/meer-informatie\/","url":"https:\/\/termica-playa.com\/meer-informatie\/","name":"Wi\u0119cej informacji - T\u00e9rmica Playa M\u00e1laga","isPartOf":{"@id":"https:\/\/termica-playa.com\/#website"},"primaryImageOfPage":{"@id":"https:\/\/termica-playa.com\/meer-informatie\/#primaryimage"},"image":{"@id":"https:\/\/termica-playa.com\/meer-informatie\/#primaryimage"},"thumbnailUrl":"https:\/\/termica-playa.com\/wp-content\/uploads\/sites\/47\/2025\/01\/termica_seaview_2.jpg","datePublished":"2022-02-14T14:08:43+00:00","dateModified":"2025-05-30T10:51:14+00:00","breadcrumb":{"@id":"https:\/\/termica-playa.com\/meer-informatie\/#breadcrumb"},"inLanguage":"pl-PL","potentialAction":[{"@type":"ReadAction","target":["https:\/\/termica-playa.com\/meer-informatie\/"]}]},{"@type":"ImageObject","inLanguage":"pl-PL","@id":"https:\/\/termica-playa.com\/meer-informatie\/#primaryimage","url":"https:\/\/termica-playa.com\/wp-content\/uploads\/sites\/47\/2025\/01\/termica_seaview_2.jpg","contentUrl":"https:\/\/termica-playa.com\/wp-content\/uploads\/sites\/47\/2025\/01\/termica_seaview_2.jpg","width":2048,"height":2560},{"@type":"BreadcrumbList","@id":"https:\/\/termica-playa.com\/meer-informatie\/#breadcrumb","itemListElement":[{"@type":"ListItem","position":1,"name":"Home","item":"https:\/\/termica-playa.com\/"},{"@type":"ListItem","position":2,"name":"Meer informatie"}]},{"@type":"WebSite","@id":"https:\/\/termica-playa.com\/#website","url":"https:\/\/termica-playa.com\/","name":"K\u0105pieliska termalne Playa M\u00e1laga","description":"","potentialAction":[{"@type":"SearchAction","target":{"@type":"EntryPoint","urlTemplate":"https:\/\/termica-playa.com\/?s={search_term_string}"},"query-input":{"@type":"PropertyValueSpecification","valueRequired":true,"valueName":"search_term_string"}}],"inLanguage":"pl-PL"}]}},"_links":{"self":[{"href":"https:\/\/termica-playa.com\/pl\/wp-json\/wp\/v2\/pages\/3121","targetHints":{"allow":["GET"]}}],"collection":[{"href":"https:\/\/termica-playa.com\/pl\/wp-json\/wp\/v2\/pages"}],"about":[{"href":"https:\/\/termica-playa.com\/pl\/wp-json\/wp\/v2\/types\/page"}],"author":[{"embeddable":true,"href":"https:\/\/termica-playa.com\/pl\/wp-json\/wp\/v2\/users\/1"}],"replies":[{"embeddable":true,"href":"https:\/\/termica-playa.com\/pl\/wp-json\/wp\/v2\/comments?post=3121"}],"version-history":[{"count":17,"href":"https:\/\/termica-playa.com\/pl\/wp-json\/wp\/v2\/pages\/3121\/revisions"}],"predecessor-version":[{"id":4293,"href":"https:\/\/termica-playa.com\/pl\/wp-json\/wp\/v2\/pages\/3121\/revisions\/4293"}],"wp:featuredmedia":[{"embeddable":true,"href":"https:\/\/termica-playa.com\/pl\/wp-json\/wp\/v2\/media\/4177"}],"wp:attachment":[{"href":"https:\/\/termica-playa.com\/pl\/wp-json\/wp\/v2\/media?parent=3121"}],"curies":[{"name":"wp","href":"https:\/\/api.w.org\/{rel}","templated":true}]}}